{"id":2197,"date":"2025-11-13T14:27:23","date_gmt":"2025-11-13T14:27:23","guid":{"rendered":"https:\/\/portugalalma.com\/?page_id=2197"},"modified":"2025-12-11T23:35:23","modified_gmt":"2025-12-11T23:35:23","slug":"acerca-de-nosotros","status":"publish","type":"page","link":"https:\/\/portugalalma.com\/es\/acerca-de-nosotros\/","title":{"rendered":"Qui\u00e9nes somos"},"content":{"rendered":"<section class=\"bde-section-2197-100 bde-section\">\n              \n  \n  \n\t\n\n  <div class=\"section-background-overlay\"><\/div>\n\n\n<div class=\"section-container\"><h1 class=\"bde-heading-2197-101 bde-heading\">\nQui\u00e9nes somos\n<\/h1><\/div>\n<\/section><section id=\"scroll\" class=\"bde-section-2197-103 bde-section\">\n  \n  \n\t\n\n\n\n<div class=\"section-container\"><div class=\"bde-columns-2197-104 bde-columns\"><div class=\"bde-column-2197-105 bde-column\">\n  \n  \n\t\n\n\n\n<div class=\"bde-rich-text-2197-127 bde-rich-text breakdance-rich-text-styles\">\n<p>Portugal Alma: <strong>13 a\u00f1os de hospitalidad<\/strong><\/p><p>Portugal Alma naci\u00f3 de la pasi\u00f3n por la hospitalidad y de la convicci\u00f3n de que Portugal es un destino \u00fanico que hay que conocer.<\/p><p>Contamos con 13 a\u00f1os de s\u00f3lida experiencia en el sector tur\u00edstico, durante los cuales hemos desarrollado nuestra visi\u00f3n de la hospitalidad. Nuestro enfoque es claro: ofrecer un alojamiento excepcional que proporcione a los hu\u00e9spedes una experiencia \u00fanica.<\/p><p>En cada proyecto, nuestro principio fundamental es construir y decorar cada propiedad como si fuera nuestra propia casa. Esto se traduce en la cuidadosa selecci\u00f3n de materiales de calidad, una decoraci\u00f3n refinada y confortable, y la colaboraci\u00f3n con los mejores profesionales para garantizar espacios que sean, ante todo, agradables y profundamente acogedores.<\/p><p>Le invitamos a disfrutar de la calidad, el confort y la autenticidad que ofrecen nuestras propiedades<\/p><p>Esperamos compartir el \u201cAlma\u201d de Portugal con usted y crear recuerdos inolvidables.<\/p>\n<\/div><img decoding=\"async\" class=\"bde-image2-2197-108 bde-image2\" src=\"https:\/\/portugalalma.com\/wp-content\/uploads\/2025\/11\/Villa-Algarve-198.webp\" loading=\"lazy\" srcset=\"https:\/\/portugalalma.com\/wp-content\/uploads\/2025\/11\/Villa-Algarve-198.webp 1280w, https:\/\/portugalalma.com\/wp-content\/uploads\/2025\/11\/Villa-Algarve-198-200x300.webp 200w, https:\/\/portugalalma.com\/wp-content\/uploads\/2025\/11\/Villa-Algarve-198-683x1024.webp 683w, https:\/\/portugalalma.com\/wp-content\/uploads\/2025\/11\/Villa-Algarve-198-768x1152.webp 768w, https:\/\/portugalalma.com\/wp-content\/uploads\/2025\/11\/Villa-Algarve-198-1024x1536.webp 1024w, https:\/\/portugalalma.com\/wp-content\/uploads\/2025\/11\/Villa-Algarve-198-8x12.webp 8w\" sizes=\"(max-width: 1280px) 100vw, 1280px\">\n<\/div><div class=\"bde-column-2197-109 bde-column\">\n  \n  \n\t\n\n\n\n<img decoding=\"async\" class=\"bde-image2-2197-110 bde-image2\" src=\"https:\/\/portugalalma.com\/wp-content\/uploads\/2025\/11\/Villa-Algarve-249.webp\" loading=\"lazy\" srcset=\"https:\/\/portugalalma.com\/wp-content\/uploads\/2025\/11\/Villa-Algarve-249.webp 1280w, https:\/\/portugalalma.com\/wp-content\/uploads\/2025\/11\/Villa-Algarve-249-200x300.webp 200w, https:\/\/portugalalma.com\/wp-content\/uploads\/2025\/11\/Villa-Algarve-249-683x1024.webp 683w, https:\/\/portugalalma.com\/wp-content\/uploads\/2025\/11\/Villa-Algarve-249-768x1152.webp 768w, https:\/\/portugalalma.com\/wp-content\/uploads\/2025\/11\/Villa-Algarve-249-1024x1536.webp 1024w, https:\/\/portugalalma.com\/wp-content\/uploads\/2025\/11\/Villa-Algarve-249-8x12.webp 8w\" sizes=\"(max-width: 1280px) 100vw, 1280px\"><div class=\"bde-rich-text-2197-141 bde-rich-text breakdance-rich-text-styles\">\n<p><strong>Nuestra visi\u00f3n es ofrecer algo m\u00e1s que un lugar donde dormir; ofrecemos una colecci\u00f3n cuidadosamente seleccionada de experiencias que capturan la verdadera alma de Portugal.<\/strong>\u00a0<\/p><p>Desde el vibrante centro hist\u00f3rico de Oporto hasta los serenos paisajes vin\u00edcolas del valle del Duero, pasando por las soleadas villas privadas del Algarve.<\/p><p><strong>Portugal Alma proporciona el mismo alto nivel de calidad, servicio y atenci\u00f3n personalizada, sea cual sea su destino.<\/strong><\/p>\n<\/div><img decoding=\"async\" class=\"bde-image2-2197-114 bde-image2\" src=\"https:\/\/portugalalma.com\/wp-content\/uploads\/2025\/11\/Villa-Algarve-249.webp\" loading=\"lazy\" srcset=\"https:\/\/portugalalma.com\/wp-content\/uploads\/2025\/11\/Villa-Algarve-249.webp 1280w, https:\/\/portugalalma.com\/wp-content\/uploads\/2025\/11\/Villa-Algarve-249-200x300.webp 200w, https:\/\/portugalalma.com\/wp-content\/uploads\/2025\/11\/Villa-Algarve-249-683x1024.webp 683w, https:\/\/portugalalma.com\/wp-content\/uploads\/2025\/11\/Villa-Algarve-249-768x1152.webp 768w, https:\/\/portugalalma.com\/wp-content\/uploads\/2025\/11\/Villa-Algarve-249-1024x1536.webp 1024w, https:\/\/portugalalma.com\/wp-content\/uploads\/2025\/11\/Villa-Algarve-249-8x12.webp 8w\" sizes=\"(max-width: 1280px) 100vw, 1280px\">\n<\/div><\/div><\/div>\n<\/section><section class=\"bde-section-2197-129 bde-section\">\n  \n  \n\t\n\n\n\n<div class=\"section-container\"><div class=\"bde-columns-2197-130 bde-columns\"><div class=\"bde-column-2197-131 bde-column\">\n  \n  \n\t\n\n\n\n<div class=\"bde-div-2197-132 bde-div\">\n  \n  \n\t\n\n\n\n<img decoding=\"async\" class=\"bde-image2-2197-133 bde-image2\" src=\"https:\/\/portugalalma.com\/wp-content\/uploads\/2025\/11\/favicon-1.webp\" loading=\"lazy\" srcset=\"https:\/\/portugalalma.com\/wp-content\/uploads\/2025\/11\/favicon-1.webp 272w, https:\/\/portugalalma.com\/wp-content\/uploads\/2025\/11\/favicon-1-150x150.webp 150w, https:\/\/portugalalma.com\/wp-content\/uploads\/2025\/11\/favicon-1-12x12.webp 12w\" sizes=\"(max-width: 272px) 100vw, 272px\"><h3 class=\"bde-heading-2197-134 bde-heading\">\n\u00bfPor qu\u00e9 elegir<br>\u00bfPortugal Alma?\n<\/h3>\n<\/div><div class=\"bde-grid-2197-135 bde-grid\">\n  \n  \n\t\n\n\n\n<div class=\"bde-icon-box-2197-136 bde-icon-box\">\n\n    \n            <div class=\"ee-iconbox-icon breakdance-icon-atom\" >\n    \n                    <svg xmlns=\"http:\/\/www.w3.org\/2000\/svg\" id=\"icon-home3\" viewbox=\"0 0 32 32\">\n<path d=\"M32 19l-6-6v-9h-4v5l-6-6-16 16v1h4v10h10v-6h4v6h10v-10h4z\"\/>\n<\/svg>\n        \n        \n        \n            <\/div>\n    \n\n<div class=\"ee-iconbox-content\">\n      <h3 class=\"ee-iconbox-title bde-h3\" >Pensiones premium<\/h3>\n        <div class=\"ee-iconbox-text\" > Descubra la selecta colecci\u00f3n de casas de hu\u00e9spedes premium de Portugal ALma. Experimente la verdadera esencia de Oporto, la serenidad del Valle de Paiva y el sol del Algarve. Reserve ya su aut\u00e9ntica escapada portuguesa.<\/div>\n    <\/div>\n\n<\/div><div class=\"bde-icon-box-2197-137 bde-icon-box\">\n\n    \n            <div class=\"ee-iconbox-icon breakdance-icon-atom\" >\n    \n                    <svg xmlns=\"http:\/\/www.w3.org\/2000\/svg\" viewbox=\"0 0 576 512\"><!--! Font Awesome Free 6.5.1 by @fontawesome - https:\/\/fontawesome.com License - https:\/\/fontawesome.com\/license\/free (Icons: CC BY 4.0, Fonts: SIL OFL 1.1, Code: MIT License) Copyright 2023 Fonticons, Inc. --><path d=\"M163.9 136.9c-29.4-29.8-29.4-78.2 0-108s77-29.8 106.4 0l17.7 18 17.7-18c29.4-29.8 77-29.8 106.4 0s29.4 78.2 0 108L310.5 240.1c-6.2 6.3-14.3 9.4-22.5 9.4s-16.3-3.1-22.5-9.4L163.9 136.9zM568.2 336.3c13.1 17.8 9.3 42.8-8.5 55.9L433.1 485.5c-23.4 17.2-51.6 26.5-80.7 26.5H192 32c-17.7 0-32-14.3-32-32V416c0-17.7 14.3-32 32-32H68.8l44.9-36c22.7-18.2 50.9-28 80-28H272h16 64c17.7 0 32 14.3 32 32s-14.3 32-32 32H288 272c-8.8 0-16 7.2-16 16s7.2 16 16 16H392.6l119.7-88.2c17.8-13.1 42.8-9.3 55.9 8.5zM193.6 384l0 0-.9 0c.3 0 .6 0 .9 0z\"\/><\/svg>\n        \n        \n        \n            <\/div>\n    \n\n<div class=\"ee-iconbox-content\">\n      <h3 class=\"ee-iconbox-title bde-h3\" >Servicios adaptados a nuestros hu\u00e9spedes<\/h3>\n        <div class=\"ee-iconbox-text\" ><b>Nuestra misi\u00f3n es ofrecerle una experiencia inolvidable.<\/b> Por eso hemos seleccionado sugerencias e inspiraci\u00f3n para que su viaje sea especial: desde los restaurantes m\u00e1s aut\u00e9nticos hasta experiencias en la naturaleza que le permitir\u00e1n vivir la esencia de la zona.<\/div>\n    <\/div>\n\n<\/div><div class=\"bde-icon-box-2197-138 bde-icon-box\">\n\n    \n            <div class=\"ee-iconbox-icon breakdance-icon-atom\" >\n    \n                    <svg xmlns=\"http:\/\/www.w3.org\/2000\/svg\" viewbox=\"0 0 640 512\"><!--! Font Awesome Free 6.5.1 by @fontawesome - https:\/\/fontawesome.com License - https:\/\/fontawesome.com\/license\/free (Icons: CC BY 4.0, Fonts: SIL OFL 1.1, Code: MIT License) Copyright 2023 Fonticons, Inc. --><path d=\"M320 0a128 128 0 1 1 0 256A128 128 0 1 1 320 0zM40 64c22.1 0 40 17.9 40 40v40 80 40.2c0 17 6.7 33.3 18.7 45.3l51.1 51.1c8.3 8.3 21.3 9.6 31 3.1c12.9-8.6 14.7-26.9 3.7-37.8l-15.2-15.2-32-32c-12.5-12.5-12.5-32.8 0-45.3s32.8-12.5 45.3 0l32 32 15.2 15.2 0 0 25.3 25.3c21 21 32.8 49.5 32.8 79.2V464c0 26.5-21.5 48-48 48H173.3c-17 0-33.3-6.7-45.3-18.7L28.1 393.4C10.1 375.4 0 351 0 325.5V224 160 104C0 81.9 17.9 64 40 64zm560 0c22.1 0 40 17.9 40 40v56 64V325.5c0 25.5-10.1 49.9-28.1 67.9L512 493.3c-12 12-28.3 18.7-45.3 18.7H400c-26.5 0-48-21.5-48-48V385.1c0-29.7 11.8-58.2 32.8-79.2l25.3-25.3 0 0 15.2-15.2 32-32c12.5-12.5 32.8-12.5 45.3 0s12.5 32.8 0 45.3l-32 32-15.2 15.2c-11 11-9.2 29.2 3.7 37.8c9.7 6.5 22.7 5.2 31-3.1l51.1-51.1c12-12 18.7-28.3 18.7-45.3V224 144 104c0-22.1 17.9-40 40-40z\"\/><\/svg>\n        \n        \n        \n            <\/div>\n    \n\n<div class=\"ee-iconbox-content\">\n      <h3 class=\"ee-iconbox-title bde-h3\" >Nuestra experiencia demostrada  <\/h3>\n        <div class=\"ee-iconbox-text\" >Portugal Alma se basa en m\u00e1s de 13 a\u00f1os de \u00e9xito en la hospitalidad. Esta colecci\u00f3n es el resultado de gestionar y acoger con \u00e9xito a los hu\u00e9spedes de la Pensi\u00f3n Oporto (9 a\u00f1os) y de la Villa Algarve (4 a\u00f1os). Conf\u00ede en nuestra experiencia.<\/div>\n    <\/div>\n\n<\/div><div class=\"bde-icon-box-2197-139 bde-icon-box\">\n\n    \n            <div class=\"ee-iconbox-icon breakdance-icon-atom\" >\n    \n                    <svg xmlns=\"http:\/\/www.w3.org\/2000\/svg\" id=\"icon-price-tag\" viewbox=\"0 0 32 32\">\n<path d=\"M30.5 0h-12c-0.825 0-1.977 0.477-2.561 1.061l-14.879 14.879c-0.583 0.583-0.583 1.538 0 2.121l12.879 12.879c0.583 0.583 1.538 0.583 2.121 0l14.879-14.879c0.583-0.583 1.061-1.736 1.061-2.561v-12c0-0.825-0.675-1.5-1.5-1.5zM23 12c-1.657 0-3-1.343-3-3s1.343-3 3-3 3 1.343 3 3-1.343 3-3 3z\"\/>\n<\/svg>\n        \n        \n        \n            <\/div>\n    \n\n<div class=\"ee-iconbox-content\">\n      <h3 class=\"ee-iconbox-title bde-h3\" >Las mejores tarifas para reservas en nuestro sitio web<\/h3>\n        <div class=\"ee-iconbox-text\" >Acceda a las mejores tarifas y a ventajas exclusivas reservadas s\u00f3lo para quienes decidan reservar a trav\u00e9s de nuestro sitio web oficial. <\/div>\n            \n                                    \n    \n    \n    \n    \n            \n                    \n            \n            \n\n    \n    \n    \n    \n    \n    <a class=\"breakdance-link button-atom button-atom--text ee-iconbox-button\" href=\"#\" target=\"_blank\" data-type=\"url\"  >\n\n    \n        <span class=\"button-atom__text\">RESERVAR AHORA<\/span>\n\n        \n                    \n    <span class=\"button-atom__icon-wrapper\">\n\n        \n            <svg xmlns=\"http:\/\/www.w3.org\/2000\/svg\" viewbox=\"0 0 448 512\"><!--! Font Awesome Free 6.5.1 by @fontawesome - https:\/\/fontawesome.com License - https:\/\/fontawesome.com\/license\/free (Icons: CC BY 4.0, Fonts: SIL OFL 1.1, Code: MIT License) Copyright 2023 Fonticons, Inc. --><path d=\"M438.6 278.6c12.5-12.5 12.5-32.8 0-45.3l-160-160c-12.5-12.5-32.8-12.5-45.3 0s-12.5 32.8 0 45.3L338.8 224 32 224c-17.7 0-32 14.3-32 32s14.3 32 32 32l306.7 0L233.4 393.4c-12.5 12.5-12.5 32.8 0 45.3s32.8 12.5 45.3 0l160-160z\"\/><\/svg>\n\n        \n    <\/span>\n\n\n        \n                <\/a>\n\n    \n\n  <\/div>\n\n<\/div>\n<\/div>\n<\/div><div class=\"bde-column-2197-140 bde-column\">\n  \n  \n\t\n\n\n\n\n<\/div><\/div><\/div>\n<\/section>","protected":false},"excerpt":{"rendered":"<p>About us Portugal Alma: A 13-Year Journey in HospitalityPortugal Alma was born out of a passion for hospitality and the conviction that Portugal is a unique destination that must be experienced.We have 13 years of solid experience in the tourism sector, during which time we have developed our vision of hospitality. Our focus is clear: [&hellip;]<\/p>","protected":false},"author":2,"featured_media":0,"parent":0,"menu_order":0,"comment_status":"closed","ping_status":"closed","template":"","meta":{"_breakdance_hide_in_design_set":false,"_breakdance_tags":"","footnotes":""},"class_list":["post-2197","page","type-page","status-publish","hentry"],"_links":{"self":[{"href":"https:\/\/portugalalma.com\/es\/wp-json\/wp\/v2\/pages\/2197","targetHints":{"allow":["GET"]}}],"collection":[{"href":"https:\/\/portugalalma.com\/es\/wp-json\/wp\/v2\/pages"}],"about":[{"href":"https:\/\/portugalalma.com\/es\/wp-json\/wp\/v2\/types\/page"}],"author":[{"embeddable":true,"href":"https:\/\/portugalalma.com\/es\/wp-json\/wp\/v2\/users\/2"}],"replies":[{"embeddable":true,"href":"https:\/\/portugalalma.com\/es\/wp-json\/wp\/v2\/comments?post=2197"}],"version-history":[{"count":25,"href":"https:\/\/portugalalma.com\/es\/wp-json\/wp\/v2\/pages\/2197\/revisions"}],"predecessor-version":[{"id":3319,"href":"https:\/\/portugalalma.com\/es\/wp-json\/wp\/v2\/pages\/2197\/revisions\/3319"}],"wp:attachment":[{"href":"https:\/\/portugalalma.com\/es\/wp-json\/wp\/v2\/media?parent=2197"}],"curies":[{"name":"wp","href":"https:\/\/api.w.org\/{rel}","templated":true}]}}